{"id":143,"date":"2022-09-19T02:01:48","date_gmt":"2022-09-19T02:01:48","guid":{"rendered":"https:\/\/sindimoveis-go.fisg.com.br\/site\/?page_id=143"},"modified":"2022-09-19T02:05:19","modified_gmt":"2022-09-19T02:05:19","slug":"detalhenoticia","status":"publish","type":"page","link":"https:\/\/sindimoveis-go.org.br\/site\/index.php\/detalhenoticia\/","title":{"rendered":"detalhenoticia"},"content":{"rendered":"\n\n<div align=\"center\">\n<\/div>\n\n\n<div align=\"right\"><input type=\"button\" name=\"VerMais\" id=\"VerMais\" value=\"Mais noticias\" class=\"Botao\" onclick=\"window.open('https:\/\/sindimoveis-go.org.br\/site\/index.php\/noticias','_parent');\" style=\"vertical-align: bottom;\" \/><\/div>\n<br \/><br \/>\n\n<div align=\"center\">\n<h3>Conhe\u00e7a os Cursos oferecidos pelo Sindim\u00f3veis Goias<\/h3>\n<p>\n  <\/p>\n\n<div style=\"margin: 7px;\" class=\"CaixaDeObjetos\" onclick=\"window.open('https:\/\/sindimoveis-go.org.br\/site\/index.php\/detalhecurso\/?Id=1','_parent');\">\n          <table width=\"320\" height=\"180\" border=\"0\" align=\"center\" cellpadding=\"0\" cellspacing=\"0\">\n            <tr style=\"border: hidden;\">\n              <td width=\"320\" valign=\"top\" style=\"border: hidden;\"><img loading=\"lazy\" decoding=\"async\" src=\"https:\/\/sindimoveis-go.org.br\/gerenciador\/administrativo\/imagens\/configuradas\/cursos\/1.png\" alt=\"\" width=\"320\" height=\"195\" border=\"0\" \/>\n              <div align=\"center\"><strong>T\u00e9cnico em Transa\u00e7\u00f5es Imobili\u00e1rias<\/strong><\/div>\n              <div align=\"center\"><p>100% Online, Inscri&ccedil;&otilde;es abertas..<\/p>\r\n<\/div>\n              <div align=\"right\">\n                <input type=\"button\" name=\"VerMais\" id=\"VerMais\" value=\"Veja mais\" class=\"Botao\" onclick=\"window.open('https:\/\/sindimoveis-go.org.br\/site\/index.php\/detalhecurso\/?Id=1','_parent');\" \/>\n              <\/div>\n              \n              <\/td>\n            <\/tr>\n    <\/table>\n  <\/div>\n<\/div>\n<br \/><br \/>\n\n","protected":false},"excerpt":{"rendered":"","protected":false},"author":1,"featured_media":0,"parent":0,"menu_order":0,"comment_status":"closed","ping_status":"closed","template":"template-parts\/template-full-width.php","meta":{"footnotes":""},"class_list":["post-143","page","type-page","status-publish","hentry"],"_links":{"self":[{"href":"https:\/\/sindimoveis-go.org.br\/site\/index.php\/wp-json\/wp\/v2\/pages\/143","targetHints":{"allow":["GET"]}}],"collection":[{"href":"https:\/\/sindimoveis-go.org.br\/site\/index.php\/wp-json\/wp\/v2\/pages"}],"about":[{"href":"https:\/\/sindimoveis-go.org.br\/site\/index.php\/wp-json\/wp\/v2\/types\/page"}],"author":[{"embeddable":true,"href":"https:\/\/sindimoveis-go.org.br\/site\/index.php\/wp-json\/wp\/v2\/users\/1"}],"replies":[{"embeddable":true,"href":"https:\/\/sindimoveis-go.org.br\/site\/index.php\/wp-json\/wp\/v2\/comments?post=143"}],"version-history":[{"count":1,"href":"https:\/\/sindimoveis-go.org.br\/site\/index.php\/wp-json\/wp\/v2\/pages\/143\/revisions"}],"predecessor-version":[{"id":144,"href":"https:\/\/sindimoveis-go.org.br\/site\/index.php\/wp-json\/wp\/v2\/pages\/143\/revisions\/144"}],"wp:attachment":[{"href":"https:\/\/sindimoveis-go.org.br\/site\/index.php\/wp-json\/wp\/v2\/media?parent=143"}],"curies":[{"name":"wp","href":"https:\/\/api.w.org\/{rel}","templated":true}]}}