{"id":12,"date":"2022-09-14T13:43:52","date_gmt":"2022-09-14T13:43:52","guid":{"rendered":"https:\/\/sindimoveis-go.fisg.com.br\/site\/?page_id=12"},"modified":"2022-11-08T19:59:29","modified_gmt":"2022-11-08T19:59:29","slug":"cursos","status":"publish","type":"page","link":"https:\/\/sindimoveis-go.org.br\/site\/index.php\/cursos\/","title":{"rendered":"Cursos"},"content":{"rendered":"\n<h2 class=\"has-text-align-center wp-block-heading\"><strong>Nossos Cursos<\/strong><\/h2>\n\n\n\n<br><br>\n\n\n\n<div class=\"subtitle\" style=\"font-size:17px; color:#717171; text-align:center;\">A Sindimoveis GO empenha em criar e capacitar Corretores de Im\u00f3veis.<\/div>\n\n\n\n\n<div align=\"center\">\n\n\n<div style=\"margin: 7px;\" class=\"CaixaDeObjetos\" onclick=\"window.open('https:\/\/sindimoveis-go.org.br\/site\/index.php\/detalhecurso\/?Id=1','_parent');\">\n          <table width=\"320\" height=\"180\" border=\"0\" align=\"center\" cellpadding=\"0\" cellspacing=\"0\">\n            <tr style=\"border: hidden;\">\n              <td width=\"320\" valign=\"top\" style=\"border: hidden;\"><img loading=\"lazy\" decoding=\"async\" src=\"https:\/\/sindimoveis-go.org.br\/gerenciador\/administrativo\/imagens\/configuradas\/cursos\/1.png\" alt=\"\" width=\"320\" height=\"195\" border=\"0\" \/>\n              <div align=\"center\"><strong>T\u00e9cnico em Transa\u00e7\u00f5es Imobili\u00e1rias<\/strong><\/div>\n              <div align=\"center\"><p>100% Online, Inscri&ccedil;&otilde;es abertas..<\/p>\r\n<\/div>\n              <div align=\"right\">\n                <input type=\"button\" name=\"VerMais\" id=\"VerMais\" value=\"Veja mais\" class=\"Botao\" onclick=\"window.open('https:\/\/sindimoveis-go.org.br\/site\/index.php\/detalhecurso\/?Id=1','_parent');\" \/>\n              <\/div>\n              \n              <\/td>\n            <\/tr>\n          <\/table>\n        <\/div>\n<\/div>\n","protected":false},"excerpt":{"rendered":"<p>Nossos Cursos<\/p>\n","protected":false},"author":1,"featured_media":0,"parent":0,"menu_order":2,"comment_status":"closed","ping_status":"closed","template":"template-parts\/template-full-width.php","meta":{"footnotes":""},"class_list":["post-12","page","type-page","status-publish","hentry"],"_links":{"self":[{"href":"https:\/\/sindimoveis-go.org.br\/site\/index.php\/wp-json\/wp\/v2\/pages\/12","targetHints":{"allow":["GET"]}}],"collection":[{"href":"https:\/\/sindimoveis-go.org.br\/site\/index.php\/wp-json\/wp\/v2\/pages"}],"about":[{"href":"https:\/\/sindimoveis-go.org.br\/site\/index.php\/wp-json\/wp\/v2\/types\/page"}],"author":[{"embeddable":true,"href":"https:\/\/sindimoveis-go.org.br\/site\/index.php\/wp-json\/wp\/v2\/users\/1"}],"replies":[{"embeddable":true,"href":"https:\/\/sindimoveis-go.org.br\/site\/index.php\/wp-json\/wp\/v2\/comments?post=12"}],"version-history":[{"count":6,"href":"https:\/\/sindimoveis-go.org.br\/site\/index.php\/wp-json\/wp\/v2\/pages\/12\/revisions"}],"predecessor-version":[{"id":216,"href":"https:\/\/sindimoveis-go.org.br\/site\/index.php\/wp-json\/wp\/v2\/pages\/12\/revisions\/216"}],"wp:attachment":[{"href":"https:\/\/sindimoveis-go.org.br\/site\/index.php\/wp-json\/wp\/v2\/media?parent=12"}],"curies":[{"name":"wp","href":"https:\/\/api.w.org\/{rel}","templated":true}]}}