{"id":10,"date":"2022-09-14T13:52:56","date_gmt":"2022-09-14T13:52:56","guid":{"rendered":"https:\/\/sindimoveis-go.fisg.com.br\/site\/?page_id=10"},"modified":"2022-09-30T17:41:46","modified_gmt":"2022-09-30T17:41:46","slug":"servicos","status":"publish","type":"page","link":"https:\/\/sindimoveis-go.org.br\/site\/index.php\/servicos\/","title":{"rendered":"Servi\u00e7os"},"content":{"rendered":"\n<h2 class=\"has-text-align-center wp-block-heading\"><strong>Nossos Servi\u00e7os<\/strong><\/h2>\n\n\n\n<p><\/p>\n\n\n\n<br><br>\n\n\n<div class=\"subtitle\" style=\"font-size:17px; color:#717171; text-align:center;\">Parceria em todos os pontos de negocia\u00e7\u00e3o com seu cliente, o suporte necess\u00e1rio que o Corretor precisa para o sucesso profissional.<\/div>\n\r\n<div align=\"center\">\r\n\r\n<div  onClick=\"window.open('servicos1.php?Id=1','_parent');\" style=\"margin: 3px;\" class=\"CaixaDeObjetos\" >\r\n          <table align=\"center\" cellpadding=\"0\" cellspacing=\"0\" style=\"border: hidden; width: 100%;\">\r\n            <tr style=\"border: hidden;\">\r\n              <td height=\"30\" style=\"border: hidden;\"><div align=\"center\"><strong>Convenios e parcerias<\/strong><\/div><\/td>\r\n            <\/tr>\r\n            <tr style=\"border: hidden;\">\r\n              <td height=\"80\" style=\"border: hidden;\"><div align=\"center\"><p>Beneficios com&nbsp;convenios e parcerias ao afiliado.<\/p>\r\n<\/div><\/td>\r\n            <\/tr>\r\n            <tr style=\"border: hidden;\">\r\n              <td width=\"320\" height=\"195\" style=\"border: hidden;\"><img loading=\"lazy\" decoding=\"async\" src=\"https:\/\/sindimoveis-go.org.br\/gerenciador\/administrativo\/imagens\/configuradas\/servicos\/1.png\" width=\"320\" height=\"195\" border=\"0\" \/><\/td>\r\n            <\/tr>\r\n          <\/table>\r\n        <\/div>\r\n<div  onClick=\"window.open('https:\/\/sindimoveis-go.org.br\/site\/index.php\/registro-corretor-associado-a-imobiliaria','_parent');\" style=\"margin: 3px;\" class=\"CaixaDeObjetos\" >\r\n          <table align=\"center\" cellpadding=\"0\" cellspacing=\"0\" style=\"border: hidden; width: 100%;\">\r\n            <tr style=\"border: hidden;\">\r\n              <td height=\"30\" style=\"border: hidden;\"><div align=\"center\"><strong>Homologa\u00e7\u00e3o de Contratos<\/strong><\/div><\/td>\r\n            <\/tr>\r\n            <tr style=\"border: hidden;\">\r\n              <td height=\"80\" style=\"border: hidden;\"><div align=\"center\"><p>Homologar contratos firmados com o corretor e im&oacute;biliarias<\/p>\r\n<\/div><\/td>\r\n            <\/tr>\r\n            <tr style=\"border: hidden;\">\r\n              <td width=\"320\" height=\"195\" style=\"border: hidden;\"><img loading=\"lazy\" decoding=\"async\" src=\"https:\/\/sindimoveis-go.org.br\/gerenciador\/administrativo\/imagens\/configuradas\/servicos\/2.png\" width=\"320\" height=\"195\" border=\"0\" \/><\/td>\r\n            <\/tr>\r\n          <\/table>\r\n        <\/div>\r\n<div  onClick=\"window.open('https:\/\/sindimoveis-go.org.br\/site\/index.php\/cronograma-de-eventos','_blank')\" style=\"margin: 3px;\" class=\"CaixaDeObjetos\" >\r\n          <table align=\"center\" cellpadding=\"0\" cellspacing=\"0\" style=\"border: hidden; width: 100%;\">\r\n            <tr style=\"border: hidden;\">\r\n              <td height=\"30\" style=\"border: hidden;\"><div align=\"center\"><strong>Cronograma de eventos<\/strong><\/div><\/td>\r\n            <\/tr>\r\n            <tr style=\"border: hidden;\">\r\n              <td height=\"80\" style=\"border: hidden;\"><div align=\"center\"><p>Cronograma 2026 das a&ccedil;&otilde;es sociais promovidas pelo SINDIM&Oacute;VEIS.&nbsp;<\/p>\r\n<\/div><\/td>\r\n            <\/tr>\r\n            <tr style=\"border: hidden;\">\r\n              <td width=\"320\" height=\"195\" style=\"border: hidden;\"><img loading=\"lazy\" decoding=\"async\" src=\"https:\/\/sindimoveis-go.org.br\/gerenciador\/administrativo\/imagens\/configuradas\/servicos\/3.png\" width=\"320\" height=\"195\" border=\"0\" \/><\/td>\r\n            <\/tr>\r\n          <\/table>\r\n        <\/div>\r\n\r\n<\/div>","protected":false},"excerpt":{"rendered":"<p>Nossos Servi\u00e7os<\/p>\n","protected":false},"author":1,"featured_media":0,"parent":0,"menu_order":1,"comment_status":"closed","ping_status":"closed","template":"template-parts\/template-full-width.php","meta":{"footnotes":""},"class_list":["post-10","page","type-page","status-publish","hentry"],"_links":{"self":[{"href":"https:\/\/sindimoveis-go.org.br\/site\/index.php\/wp-json\/wp\/v2\/pages\/10","targetHints":{"allow":["GET"]}}],"collection":[{"href":"https:\/\/sindimoveis-go.org.br\/site\/index.php\/wp-json\/wp\/v2\/pages"}],"about":[{"href":"https:\/\/sindimoveis-go.org.br\/site\/index.php\/wp-json\/wp\/v2\/types\/page"}],"author":[{"embeddable":true,"href":"https:\/\/sindimoveis-go.org.br\/site\/index.php\/wp-json\/wp\/v2\/users\/1"}],"replies":[{"embeddable":true,"href":"https:\/\/sindimoveis-go.org.br\/site\/index.php\/wp-json\/wp\/v2\/comments?post=10"}],"version-history":[{"count":15,"href":"https:\/\/sindimoveis-go.org.br\/site\/index.php\/wp-json\/wp\/v2\/pages\/10\/revisions"}],"predecessor-version":[{"id":212,"href":"https:\/\/sindimoveis-go.org.br\/site\/index.php\/wp-json\/wp\/v2\/pages\/10\/revisions\/212"}],"wp:attachment":[{"href":"https:\/\/sindimoveis-go.org.br\/site\/index.php\/wp-json\/wp\/v2\/media?parent=10"}],"curies":[{"name":"wp","href":"https:\/\/api.w.org\/{rel}","templated":true}]}}